{"id":225,"date":"2023-07-01T13:01:03","date_gmt":"2023-07-01T11:01:03","guid":{"rendered":"https:\/\/www.developersprojects.com\/projects\/g4\/petralog\/fuer-bewerber\/"},"modified":"2024-04-12T14:13:51","modified_gmt":"2024-04-12T12:13:51","slug":"dla-kandydatow","status":"publish","type":"page","link":"https:\/\/www.petralog.de\/pl\/dla-kandydatow\/","title":{"rendered":"Dla kandydat\u00f3w"},"content":{"rendered":"\r\n<p>Petralog pomo\u017ce Ci znale\u017a\u0107 rzetelnego pracodawc\u0119 i pewn\u0105 prac\u0119, kt\u00f3ra do Ciebie pasuje! Znajdziemy dla Ciebie to, czego szukasz.<\/p>\r\n\r\n\r\n\r\n<p>Uczciwo\u015b\u0107 jest dla nas podstaw\u0105. Poszukujemy zmotywowanych oraz zaanga\u017cowanych pracownik\u00f3w i oferujemy nowoczesne miejsca pracy u rzetelnych klient\u00f3w. Gwarantujemy wynagrodzenie zgodnie ze zbiorowym uk\u0142adem pracy GVP.<\/p>\r\n\r\n\r\n\r\n<p>Naszymi klientami s\u0105 firmy, kt\u00f3re wspieramy wykwalifikowanymi pracownikami i kt\u00f3re w wielu przypadkach s\u0105 sk\u0142onne przej\u0105\u0107 na sta\u0142e pracownika.<\/p>\r\n","protected":false},"excerpt":{"rendered":"<p>Petralog pomo\u017ce Ci znale\u017a\u0107 rzetelnego pracodawc\u0119 i pewn\u0105 prac\u0119, kt\u00f3ra do Ciebie pasuje! Znajdziemy dla Ciebie to, czego szukasz. Uczciwo\u015b\u0107 jest dla nas podstaw\u0105. Poszukujemy zmotywowanych oraz zaanga\u017cowanych pracownik\u00f3w i oferujemy nowoczesne miejsca pracy u rzetelnych klient\u00f3w. Gwarantujemy wynagrodzenie zgodnie ze zbiorowym uk\u0142adem pracy GVP. Naszymi klientami s\u0105 firmy, kt\u00f3re wspieramy wykwalifikowanymi pracownikami i kt\u00f3re&hellip; <a class=\"more-link\" href=\"https:\/\/www.petralog.de\/pl\/dla-kandydatow\/\">Continue reading <span class=\"screen-reader-text\">Dla kandydat\u00f3w<\/span><\/a><\/p>\n","protected":false},"author":1,"featured_media":704,"parent":0,"menu_order":0,"comment_status":"closed","ping_status":"closed","template":"template\/page-applicants.php","meta":{"footnotes":""},"class_list":["post-225","page","type-page","status-publish","has-post-thumbnail","hentry","entry"],"acf":[],"yoast_head":"<!-- This site is optimized with the Yoast SEO plugin v27.4 - https:\/\/yoast.com\/product\/yoast-seo-wordpress\/ -->\n<title>Dla kandydat\u00f3w - Petralog<\/title>\n<meta name=\"robots\" content=\"index, follow, max-snippet:-1, max-image-preview:large, max-video-preview:-1\" \/>\n<link rel=\"canonical\" href=\"https:\/\/www.petralog.de\/pl\/dla-kandydatow\/\" \/>\n<meta property=\"og:locale\" content=\"pl_PL\" \/>\n<meta property=\"og:type\" content=\"article\" \/>\n<meta property=\"og:title\" content=\"Dla kandydat\u00f3w - Petralog\" \/>\n<meta property=\"og:description\" content=\"Petralog pomo\u017ce Ci znale\u017a\u0107 rzetelnego pracodawc\u0119 i pewn\u0105 prac\u0119, kt\u00f3ra do Ciebie pasuje! Znajdziemy dla Ciebie to, czego szukasz. Uczciwo\u015b\u0107 jest dla nas podstaw\u0105. Poszukujemy zmotywowanych oraz zaanga\u017cowanych pracownik\u00f3w i oferujemy nowoczesne miejsca pracy u rzetelnych klient\u00f3w. Gwarantujemy wynagrodzenie zgodnie ze zbiorowym uk\u0142adem pracy GVP. Naszymi klientami s\u0105 firmy, kt\u00f3re wspieramy wykwalifikowanymi pracownikami i kt\u00f3re&hellip; Continue reading Dla kandydat\u00f3w\" \/>\n<meta property=\"og:url\" content=\"https:\/\/www.petralog.de\/pl\/dla-kandydatow\/\" \/>\n<meta property=\"og:site_name\" content=\"Petralog\" \/>\n<meta property=\"article:modified_time\" content=\"2024-04-12T12:13:51+00:00\" \/>\n<meta property=\"og:image\" content=\"https:\/\/www.petralog.de\/wp-content\/uploads\/2023\/07\/fuer-bewerber1.jpg\" \/>\n\t<meta property=\"og:image:width\" content=\"600\" \/>\n\t<meta property=\"og:image:height\" content=\"400\" \/>\n\t<meta property=\"og:image:type\" content=\"image\/jpeg\" \/>\n<meta name=\"twitter:card\" content=\"summary_large_image\" \/>\n<meta name=\"twitter:label1\" content=\"Szacowany czas czytania\" \/>\n\t<meta name=\"twitter:data1\" content=\"1 minuta\" \/>\n<script type=\"application\/ld+json\" class=\"yoast-schema-graph\">{\"@context\":\"https:\\\/\\\/schema.org\",\"@graph\":[{\"@type\":\"WebPage\",\"@id\":\"https:\\\/\\\/www.petralog.de\\\/pl\\\/dla-kandydatow\\\/\",\"url\":\"https:\\\/\\\/www.petralog.de\\\/pl\\\/dla-kandydatow\\\/\",\"name\":\"Dla kandydat\u00f3w - Petralog\",\"isPartOf\":{\"@id\":\"https:\\\/\\\/www.petralog.de\\\/pl\\\/#website\"},\"primaryImageOfPage\":{\"@id\":\"https:\\\/\\\/www.petralog.de\\\/pl\\\/dla-kandydatow\\\/#primaryimage\"},\"image\":{\"@id\":\"https:\\\/\\\/www.petralog.de\\\/pl\\\/dla-kandydatow\\\/#primaryimage\"},\"thumbnailUrl\":\"https:\\\/\\\/www.petralog.de\\\/wp-content\\\/uploads\\\/2023\\\/07\\\/fuer-bewerber1.jpg\",\"datePublished\":\"2023-07-01T11:01:03+00:00\",\"dateModified\":\"2024-04-12T12:13:51+00:00\",\"breadcrumb\":{\"@id\":\"https:\\\/\\\/www.petralog.de\\\/pl\\\/dla-kandydatow\\\/#breadcrumb\"},\"inLanguage\":\"pl-PL\",\"potentialAction\":[{\"@type\":\"ReadAction\",\"target\":[\"https:\\\/\\\/www.petralog.de\\\/pl\\\/dla-kandydatow\\\/\"]}]},{\"@type\":\"ImageObject\",\"inLanguage\":\"pl-PL\",\"@id\":\"https:\\\/\\\/www.petralog.de\\\/pl\\\/dla-kandydatow\\\/#primaryimage\",\"url\":\"https:\\\/\\\/www.petralog.de\\\/wp-content\\\/uploads\\\/2023\\\/07\\\/fuer-bewerber1.jpg\",\"contentUrl\":\"https:\\\/\\\/www.petralog.de\\\/wp-content\\\/uploads\\\/2023\\\/07\\\/fuer-bewerber1.jpg\",\"width\":600,\"height\":400},{\"@type\":\"BreadcrumbList\",\"@id\":\"https:\\\/\\\/www.petralog.de\\\/pl\\\/dla-kandydatow\\\/#breadcrumb\",\"itemListElement\":[{\"@type\":\"ListItem\",\"position\":1,\"name\":\"O nas\",\"item\":\"https:\\\/\\\/www.petralog.de\\\/pl\\\/\"},{\"@type\":\"ListItem\",\"position\":2,\"name\":\"Dla kandydat\u00f3w\"}]},{\"@type\":\"WebSite\",\"@id\":\"https:\\\/\\\/www.petralog.de\\\/pl\\\/#website\",\"url\":\"https:\\\/\\\/www.petralog.de\\\/pl\\\/\",\"name\":\"Petralog\",\"description\":\"\",\"potentialAction\":[{\"@type\":\"SearchAction\",\"target\":{\"@type\":\"EntryPoint\",\"urlTemplate\":\"https:\\\/\\\/www.petralog.de\\\/pl\\\/?s={search_term_string}\"},\"query-input\":{\"@type\":\"PropertyValueSpecification\",\"valueRequired\":true,\"valueName\":\"search_term_string\"}}],\"inLanguage\":\"pl-PL\"}]}<\/script>\n<!-- \/ Yoast SEO plugin. -->","yoast_head_json":{"title":"Dla kandydat\u00f3w - Petralog","robots":{"index":"index","follow":"follow","max-snippet":"max-snippet:-1","max-image-preview":"max-image-preview:large","max-video-preview":"max-video-preview:-1"},"canonical":"https:\/\/www.petralog.de\/pl\/dla-kandydatow\/","og_locale":"pl_PL","og_type":"article","og_title":"Dla kandydat\u00f3w - Petralog","og_description":"Petralog pomo\u017ce Ci znale\u017a\u0107 rzetelnego pracodawc\u0119 i pewn\u0105 prac\u0119, kt\u00f3ra do Ciebie pasuje! Znajdziemy dla Ciebie to, czego szukasz. Uczciwo\u015b\u0107 jest dla nas podstaw\u0105. Poszukujemy zmotywowanych oraz zaanga\u017cowanych pracownik\u00f3w i oferujemy nowoczesne miejsca pracy u rzetelnych klient\u00f3w. Gwarantujemy wynagrodzenie zgodnie ze zbiorowym uk\u0142adem pracy GVP. Naszymi klientami s\u0105 firmy, kt\u00f3re wspieramy wykwalifikowanymi pracownikami i kt\u00f3re&hellip; Continue reading Dla kandydat\u00f3w","og_url":"https:\/\/www.petralog.de\/pl\/dla-kandydatow\/","og_site_name":"Petralog","article_modified_time":"2024-04-12T12:13:51+00:00","og_image":[{"width":600,"height":400,"url":"https:\/\/www.petralog.de\/wp-content\/uploads\/2023\/07\/fuer-bewerber1.jpg","type":"image\/jpeg"}],"twitter_card":"summary_large_image","twitter_misc":{"Szacowany czas czytania":"1 minuta"},"schema":{"@context":"https:\/\/schema.org","@graph":[{"@type":"WebPage","@id":"https:\/\/www.petralog.de\/pl\/dla-kandydatow\/","url":"https:\/\/www.petralog.de\/pl\/dla-kandydatow\/","name":"Dla kandydat\u00f3w - Petralog","isPartOf":{"@id":"https:\/\/www.petralog.de\/pl\/#website"},"primaryImageOfPage":{"@id":"https:\/\/www.petralog.de\/pl\/dla-kandydatow\/#primaryimage"},"image":{"@id":"https:\/\/www.petralog.de\/pl\/dla-kandydatow\/#primaryimage"},"thumbnailUrl":"https:\/\/www.petralog.de\/wp-content\/uploads\/2023\/07\/fuer-bewerber1.jpg","datePublished":"2023-07-01T11:01:03+00:00","dateModified":"2024-04-12T12:13:51+00:00","breadcrumb":{"@id":"https:\/\/www.petralog.de\/pl\/dla-kandydatow\/#breadcrumb"},"inLanguage":"pl-PL","potentialAction":[{"@type":"ReadAction","target":["https:\/\/www.petralog.de\/pl\/dla-kandydatow\/"]}]},{"@type":"ImageObject","inLanguage":"pl-PL","@id":"https:\/\/www.petralog.de\/pl\/dla-kandydatow\/#primaryimage","url":"https:\/\/www.petralog.de\/wp-content\/uploads\/2023\/07\/fuer-bewerber1.jpg","contentUrl":"https:\/\/www.petralog.de\/wp-content\/uploads\/2023\/07\/fuer-bewerber1.jpg","width":600,"height":400},{"@type":"BreadcrumbList","@id":"https:\/\/www.petralog.de\/pl\/dla-kandydatow\/#breadcrumb","itemListElement":[{"@type":"ListItem","position":1,"name":"O nas","item":"https:\/\/www.petralog.de\/pl\/"},{"@type":"ListItem","position":2,"name":"Dla kandydat\u00f3w"}]},{"@type":"WebSite","@id":"https:\/\/www.petralog.de\/pl\/#website","url":"https:\/\/www.petralog.de\/pl\/","name":"Petralog","description":"","potentialAction":[{"@type":"SearchAction","target":{"@type":"EntryPoint","urlTemplate":"https:\/\/www.petralog.de\/pl\/?s={search_term_string}"},"query-input":{"@type":"PropertyValueSpecification","valueRequired":true,"valueName":"search_term_string"}}],"inLanguage":"pl-PL"}]}},"_links":{"self":[{"href":"https:\/\/www.petralog.de\/pl\/wp-json\/wp\/v2\/pages\/225","targetHints":{"allow":["GET"]}}],"collection":[{"href":"https:\/\/www.petralog.de\/pl\/wp-json\/wp\/v2\/pages"}],"about":[{"href":"https:\/\/www.petralog.de\/pl\/wp-json\/wp\/v2\/types\/page"}],"author":[{"embeddable":true,"href":"https:\/\/www.petralog.de\/pl\/wp-json\/wp\/v2\/users\/1"}],"replies":[{"embeddable":true,"href":"https:\/\/www.petralog.de\/pl\/wp-json\/wp\/v2\/comments?post=225"}],"version-history":[{"count":18,"href":"https:\/\/www.petralog.de\/pl\/wp-json\/wp\/v2\/pages\/225\/revisions"}],"predecessor-version":[{"id":1500,"href":"https:\/\/www.petralog.de\/pl\/wp-json\/wp\/v2\/pages\/225\/revisions\/1500"}],"wp:featuredmedia":[{"embeddable":true,"href":"https:\/\/www.petralog.de\/pl\/wp-json\/wp\/v2\/media\/704"}],"wp:attachment":[{"href":"https:\/\/www.petralog.de\/pl\/wp-json\/wp\/v2\/media?parent=225"}],"curies":[{"name":"wp","href":"https:\/\/api.w.org\/{rel}","templated":true}]}}