{"id":227,"date":"2023-07-01T13:00:32","date_gmt":"2023-07-01T11:00:32","guid":{"rendered":"https:\/\/www.developersprojects.com\/projects\/g4\/petralog\/fuer-unternehmen\/"},"modified":"2023-09-07T13:10:34","modified_gmt":"2023-09-07T11:10:34","slug":"fuer-unternehmen","status":"publish","type":"page","link":"https:\/\/www.petralog.de\/pl\/fuer-unternehmen\/","title":{"rendered":"Dla firm"},"content":{"rendered":"\n<p><strong>Nasi klienci doceniaj\u0105 nasze kompetencje, kt\u00f3re pozwalaj\u0105 znale\u017a\u0107\u00a0odpowiednich kandydat\u00f3w spe\u0142niaj\u0105cych\u00a0ich wymagania.<\/strong><\/p>\n","protected":false},"excerpt":{"rendered":"<p>Nasi klienci doceniaj\u0105 nasze kompetencje, kt\u00f3re pozwalaj\u0105 znale\u017a\u0107\u00a0odpowiednich kandydat\u00f3w spe\u0142niaj\u0105cych\u00a0ich wymagania.<\/p>\n","protected":false},"author":1,"featured_media":698,"parent":0,"menu_order":0,"comment_status":"closed","ping_status":"closed","template":"template\/template-common-section.php","meta":{"footnotes":""},"class_list":["post-227","page","type-page","status-publish","has-post-thumbnail","hentry","entry"],"acf":[],"_links":{"self":[{"href":"https:\/\/www.petralog.de\/pl\/wp-json\/wp\/v2\/pages\/227","targetHints":{"allow":["GET"]}}],"collection":[{"href":"https:\/\/www.petralog.de\/pl\/wp-json\/wp\/v2\/pages"}],"about":[{"href":"https:\/\/www.petralog.de\/pl\/wp-json\/wp\/v2\/types\/page"}],"author":[{"embeddable":true,"href":"https:\/\/www.petralog.de\/pl\/wp-json\/wp\/v2\/users\/1"}],"replies":[{"embeddable":true,"href":"https:\/\/www.petralog.de\/pl\/wp-json\/wp\/v2\/comments?post=227"}],"version-history":[{"count":17,"href":"https:\/\/www.petralog.de\/pl\/wp-json\/wp\/v2\/pages\/227\/revisions"}],"predecessor-version":[{"id":1016,"href":"https:\/\/www.petralog.de\/pl\/wp-json\/wp\/v2\/pages\/227\/revisions\/1016"}],"wp:featuredmedia":[{"embeddable":true,"href":"https:\/\/www.petralog.de\/pl\/wp-json\/wp\/v2\/media\/698"}],"wp:attachment":[{"href":"https:\/\/www.petralog.de\/pl\/wp-json\/wp\/v2\/media?parent=227"}],"curies":[{"name":"wp","href":"https:\/\/api.w.org\/{rel}","templated":true}]}}