{"id":231,"date":"2023-07-01T14:26:32","date_gmt":"2023-07-01T12:26:32","guid":{"rendered":"https:\/\/www.developersprojects.com\/projects\/g4\/petralog\/impressum\/"},"modified":"2023-08-17T14:18:04","modified_gmt":"2023-08-17T12:18:04","slug":"impressum","status":"publish","type":"page","link":"https:\/\/www.petralog.de\/pl\/impressum\/","title":{"rendered":"Odcisk"},"content":{"rendered":"\n<h2 class=\"wp-block-heading\">Informacje zgodnie z \u00a7 5 TMG<\/h2>\n\n\n\n<p>Petralog GmbH<br>Maxim-Gorki-Stra\u00dfe 24<br>15711 K\u00f6nigs Wusterhausen<\/p>\n\n\n\n<h2 class=\"wp-block-heading\">Reprezentowany przez<\/h2>\n\n\n\n<p>Pana Thilo Anger &amp; Pania Magdalena Bindas<\/p>\n\n\n\n<h2 class=\"wp-block-heading\">Kontakt<\/h2>\n\n\n\n<p>Telefon: <a href=\"tel:+4933752869090\">+49 3375 286 90 90<\/a><br>Telefax: <a href=\"fax:+4933752869092\">+49  3375 286 90 92<\/a><br>E-Mail: <a href=\"mailto:machmal@petralog.de\">machmal@petralog.de<\/a><\/p>\n\n\n\n<h2 class=\"wp-block-heading\">Wpis do rejestru<\/h2>\n\n\n\n<p>Wpis do rejestru handlowego.<br>S\u0105d rejestrowy: S\u0105d Rejonowy Berlin Charlottenburg<br>Numer rejestru: HRB 198463<\/p>\n\n\n\n<h2 class=\"wp-block-heading\">Podatek od towar\u00f3w i us\u0142ug<\/h2>\n\n\n\n<p>Numer identyfikacji podatkowej zgodnie z \u00a727 a Umsatzsteuergesetz:<br>DE 319 210 340<\/p>\n\n\n\n<h2 class=\"wp-block-heading\">Rozstrzyganie spor\u00f3w<\/h2>\n\n\n\n<p>Komisja Europejska zapewnia platform\u0119 internetowego rozstrzygania spor\u00f3w (ODR):\u00a0<a href=\"https:\/\/ec.europa.eu\/consumers\/odr\" target=\"_blank\" rel=\"noreferrer noopener\">https:\/\/ec.europa.eu\/consumers\/odr<\/a>.<br>Nasz adres e-mail mo\u017cna znale\u017a\u0107 w nadruku powy\u017cej.<\/p>\n\n\n\n<p>Nie jeste\u015bmy sk\u0142onni ani zobowi\u0105zani do udzia\u0142u w post\u0119powaniu rozstrzygaj\u0105cym spory przed komisj\u0105 arbitra\u017cow\u0105 ds. konsument\u00f3w.<\/p>\n\n\n\n<h2 class=\"wp-block-heading\">Zastrze\u017cenie<\/h2>\n\n\n\n<h3 class=\"wp-block-heading\">Odpowiedzialno\u015b\u0107 za tre\u015b\u0107<\/h3>\n\n\n\n<p>Jako dostawca us\u0142ug jeste\u015bmy odpowiedzialni za w\u0142asne tre\u015bci na tych stronach zgodnie z og\u00f3lnymi przepisami zgodnie z \u00a7 7 (1) niemieckiej ustawy o telemediach (TMG). Jednak\u017ce, zgodnie z \u00a7\u00a7 8 do 10 TMG, jako us\u0142ugodawca nie jeste\u015bmy zobowi\u0105zani do monitorowania przesy\u0142anych lub przechowywanych informacji os\u00f3b trzecich ani do badania okoliczno\u015bci wskazuj\u0105cych na nielegaln\u0105 dzia\u0142alno\u015b\u0107.<\/p>\n\n\n\n<p>Nie ma to wp\u0142ywu na obowi\u0105zek usuni\u0119cia lub zablokowania korzystania z informacji zgodnie z og\u00f3lnymi przepisami prawa. Odpowiedzialno\u015b\u0107 w tym zakresie jest jednak mo\u017cliwa dopiero od momentu, w kt\u00f3rym dowiemy si\u0119 o konkretnym naruszeniu prawa. Je\u015bli dowiemy si\u0119 o odpowiednich naruszeniach, niezw\u0142ocznie usuniemy te tre\u015bci.<\/p>\n\n\n\n<h3 class=\"wp-block-heading\">Odpowiedzialno\u015b\u0107 za linki<\/h3>\n\n\n\n<p>Nasza oferta zawiera linki do zewn\u0119trznych stron internetowych os\u00f3b trzecich, na kt\u00f3rych tre\u015b\u0107 nie mamy wp\u0142ywu. W zwi\u0105zku z tym nie mo\u017cemy ponosi\u0107 \u017cadnej odpowiedzialno\u015bci za te tre\u015bci zewn\u0119trzne. Odpowiedni dostawca lub operator stron jest zawsze odpowiedzialny za tre\u015b\u0107 stron, do kt\u00f3rych prowadz\u0105 linki. Po\u0142\u0105czone strony zosta\u0142y sprawdzone pod k\u0105tem mo\u017cliwych narusze\u0144 prawa w momencie \u0142\u0105czenia. Nielegalne tre\u015bci nie by\u0142y rozpoznawalne w momencie linkowania.<\/p>\n\n\n\n<p>Sta\u0142e monitorowanie tre\u015bci stron, do kt\u00f3rych prowadz\u0105 linki, nie jest jednak uzasadnione bez konkretnych oznak naruszenia prawa. Je\u015bli dowiemy si\u0119 o jakichkolwiek naruszeniach prawa, niezw\u0142ocznie usuniemy takie linki.<\/p>\n\n\n\n<h3 class=\"wp-block-heading\">Prawa autorskie<\/h3>\n\n\n\n<p>Tre\u015bci i dzie\u0142a stworzone przez operator\u00f3w witryn na tych stronach podlegaj\u0105 niemieckiemu prawu autorskiemu. Powielanie, przetwarzanie, rozpowszechnianie i wszelkiego rodzaju wykorzystywanie poza granicami prawa autorskiego wymaga pisemnej zgody odpowiedniego autora lub tw\u00f3rcy. Pobieranie i kopiowanie tej strony jest dozwolone wy\u0142\u0105cznie do prywatnego, niekomercyjnego u\u017cytku.<\/p>\n\n\n\n<p>O ile tre\u015bci na tej stronie nie zosta\u0142y stworzone przez operatora, prawa autorskie os\u00f3b trzecich s\u0105 przestrzegane. W szczeg\u00f3lno\u015bci tre\u015bci os\u00f3b trzecich s\u0105 oznaczone jako takie. Je\u015bli mimo to dowiesz si\u0119 o naruszeniu praw autorskich, poinformuj nas o tym. Je\u015bli dowiemy si\u0119 o jakichkolwiek naruszeniach, niezw\u0142ocznie usuniemy takie tre\u015bci.<\/p>\n","protected":false},"excerpt":{"rendered":"<p>Informacje zgodnie z \u00a7 5 TMG Petralog GmbHMaxim-Gorki-Stra\u00dfe 2415711 K\u00f6nigs Wusterhausen Reprezentowany przez Pana Thilo Anger &amp; Pania Magdalena Bindas Kontakt Telefon: +49 3375 286 90 90Telefax: +49 3375 286 90 92E-Mail: machmal@petralog.de Wpis do rejestru Wpis do rejestru handlowego.S\u0105d rejestrowy: S\u0105d Rejonowy Berlin CharlottenburgNumer rejestru: HRB 198463 Podatek od towar\u00f3w i us\u0142ug Numer identyfikacji&hellip; <a class=\"more-link\" href=\"https:\/\/www.petralog.de\/pl\/impressum\/\">Continue reading <span class=\"screen-reader-text\">Odcisk<\/span><\/a><\/p>\n","protected":false},"author":1,"featured_media":0,"parent":0,"menu_order":0,"comment_status":"closed","ping_status":"closed","template":"","meta":{"footnotes":""},"class_list":["post-231","page","type-page","status-publish","hentry","entry"],"acf":[],"_links":{"self":[{"href":"https:\/\/www.petralog.de\/pl\/wp-json\/wp\/v2\/pages\/231","targetHints":{"allow":["GET"]}}],"collection":[{"href":"https:\/\/www.petralog.de\/pl\/wp-json\/wp\/v2\/pages"}],"about":[{"href":"https:\/\/www.petralog.de\/pl\/wp-json\/wp\/v2\/types\/page"}],"author":[{"embeddable":true,"href":"https:\/\/www.petralog.de\/pl\/wp-json\/wp\/v2\/users\/1"}],"replies":[{"embeddable":true,"href":"https:\/\/www.petralog.de\/pl\/wp-json\/wp\/v2\/comments?post=231"}],"version-history":[{"count":4,"href":"https:\/\/www.petralog.de\/pl\/wp-json\/wp\/v2\/pages\/231\/revisions"}],"predecessor-version":[{"id":949,"href":"https:\/\/www.petralog.de\/pl\/wp-json\/wp\/v2\/pages\/231\/revisions\/949"}],"wp:attachment":[{"href":"https:\/\/www.petralog.de\/pl\/wp-json\/wp\/v2\/media?parent=231"}],"curies":[{"name":"wp","href":"https:\/\/api.w.org\/{rel}","templated":true}]}}