{"id":238,"date":"2023-07-01T13:02:34","date_gmt":"2023-07-01T11:02:34","guid":{"rendered":"https:\/\/www.developersprojects.com\/projects\/g4\/petralog\/team\/"},"modified":"2026-04-19T20:05:38","modified_gmt":"2026-04-19T18:05:38","slug":"team","status":"publish","type":"page","link":"https:\/\/www.petralog.de\/pl\/team\/","title":{"rendered":"Team"},"content":{"rendered":"\r\n<p>W <strong>Petralog<\/strong> najwa\u017cniejszy jest cz\u0142owiek.<br \/>Dzi\u0119ki do\u015bwiadczeniu, zaufaniu i pasji tworzymy relacje, kt\u00f3re wspieraj\u0105 kariery i rozw\u00f3j przedsi\u0119biorstw.<br \/>Poniewa\u017c za ka\u017cdym sukcesem stoi silna wi\u0119\u017a.<\/p>\r\n","protected":false},"excerpt":{"rendered":"<p>W Petralog najwa\u017cniejszy jest cz\u0142owiek.Dzi\u0119ki do\u015bwiadczeniu, zaufaniu i pasji tworzymy relacje, kt\u00f3re wspieraj\u0105 kariery i rozw\u00f3j przedsi\u0119biorstw.Poniewa\u017c za ka\u017cdym sukcesem stoi silna wi\u0119\u017a.<\/p>\n","protected":false},"author":1,"featured_media":0,"parent":0,"menu_order":0,"comment_status":"closed","ping_status":"closed","template":"template\/page-team.php","meta":{"footnotes":""},"class_list":["post-238","page","type-page","status-publish","hentry","entry"],"acf":[],"_links":{"self":[{"href":"https:\/\/www.petralog.de\/pl\/wp-json\/wp\/v2\/pages\/238","targetHints":{"allow":["GET"]}}],"collection":[{"href":"https:\/\/www.petralog.de\/pl\/wp-json\/wp\/v2\/pages"}],"about":[{"href":"https:\/\/www.petralog.de\/pl\/wp-json\/wp\/v2\/types\/page"}],"author":[{"embeddable":true,"href":"https:\/\/www.petralog.de\/pl\/wp-json\/wp\/v2\/users\/1"}],"replies":[{"embeddable":true,"href":"https:\/\/www.petralog.de\/pl\/wp-json\/wp\/v2\/comments?post=238"}],"version-history":[{"count":28,"href":"https:\/\/www.petralog.de\/pl\/wp-json\/wp\/v2\/pages\/238\/revisions"}],"predecessor-version":[{"id":4242,"href":"https:\/\/www.petralog.de\/pl\/wp-json\/wp\/v2\/pages\/238\/revisions\/4242"}],"wp:attachment":[{"href":"https:\/\/www.petralog.de\/pl\/wp-json\/wp\/v2\/media?parent=238"}],"curies":[{"name":"wp","href":"https:\/\/api.w.org\/{rel}","templated":true}]}}